{"id":7271,"date":"2026-05-05T16:47:20","date_gmt":"2026-05-05T16:47:20","guid":{"rendered":"https:\/\/sancarlossija.com\/?page_id=7271"},"modified":"2026-05-05T22:14:39","modified_gmt":"2026-05-05T22:14:39","slug":"comude-2026","status":"publish","type":"page","link":"https:\/\/sancarlossija.com\/?page_id=7271","title":{"rendered":"COMUDE 2026"},"content":{"rendered":"\n<ol class=\"wp-block-list\">\n<li><a href=\"https:\/\/sancarlossija.com\/wp-content\/uploads\/2026\/05\/ORGANIGRAMA.pdf\">Estructura<\/a>\n<ol class=\"wp-block-list\">\n<li><a href=\"https:\/\/sancarlossija.com\/wp-content\/uploads\/2026\/05\/FUNCIONES-DE-LA-DEPENDENCIA-1.pdf\">Funciones de las Dependencias<\/a><\/li>\n\n\n\n<li>Marco Normativo \n<ul class=\"wp-block-list\">\n<li><a href=\"https:\/\/sancarlossija.com\/wp-content\/uploads\/2026\/05\/CODIGO-MUNICIPAL.pdf\">C\u00f3digo Municipal<\/a><\/li>\n\n\n\n<li><a href=\"https:\/\/sancarlossija.com\/wp-content\/uploads\/2026\/05\/COMPENDIO-DE-LEYES.pdf\">Compendio de Leyes<\/a><\/li>\n\n\n\n<li><a href=\"https:\/\/sancarlossija.com\/wp-content\/uploads\/2026\/05\/Constitucion-Politica.pdf\">Constituci\u00f3n Pol\u00edtica de Rep\u00fablica de Guatemala<\/a><\/li>\n\n\n\n<li><a href=\"https:\/\/sancarlossija.com\/wp-content\/uploads\/2026\/05\/ley-concejos-desarrollo-guatemala.pdf\">Ley de Consejos de Desarrollo de Guatemala<\/a><\/li>\n\n\n\n<li>Ley de Descentralizaci\u00f3n<\/li>\n\n\n\n<li><a href=\"https:\/\/sancarlossija.com\/wp-content\/uploads\/2026\/05\/Reglamento-COMUDE.pdf\">Reglamento de COMUDE<\/a><\/li>\n\n\n\n<li><a href=\"https:\/\/sancarlossija.com\/wp-content\/uploads\/2026\/05\/Reglamento-de-la-Ley-de-los-Consejos-de-Desarrollo-Urbano-y-Rural.pdf\">Reglamento de la Ley de Consejos de Desarrollo Urbano y Rural<\/a><\/li>\n<\/ul>\n<\/li>\n<\/ol>\n<\/li>\n<\/ol>\n\n\n\n<p><\/p>\n","protected":false},"excerpt":{"rendered":"","protected":false},"author":1,"featured_media":0,"parent":0,"menu_order":0,"comment_status":"closed","ping_status":"closed","template":"","meta":{"footnotes":""},"class_list":["post-7271","page","type-page","status-publish","hentry"],"_links":{"self":[{"href":"https:\/\/sancarlossija.com\/index.php?rest_route=\/wp\/v2\/pages\/7271","targetHints":{"allow":["GET"]}}],"collection":[{"href":"https:\/\/sancarlossija.com\/index.php?rest_route=\/wp\/v2\/pages"}],"about":[{"href":"https:\/\/sancarlossija.com\/index.php?rest_route=\/wp\/v2\/types\/page"}],"author":[{"embeddable":true,"href":"https:\/\/sancarlossija.com\/index.php?rest_route=\/wp\/v2\/users\/1"}],"replies":[{"embeddable":true,"href":"https:\/\/sancarlossija.com\/index.php?rest_route=%2Fwp%2Fv2%2Fcomments&post=7271"}],"version-history":[{"count":12,"href":"https:\/\/sancarlossija.com\/index.php?rest_route=\/wp\/v2\/pages\/7271\/revisions"}],"predecessor-version":[{"id":7314,"href":"https:\/\/sancarlossija.com\/index.php?rest_route=\/wp\/v2\/pages\/7271\/revisions\/7314"}],"wp:attachment":[{"href":"https:\/\/sancarlossija.com\/index.php?rest_route=%2Fwp%2Fv2%2Fmedia&parent=7271"}],"curies":[{"name":"wp","href":"https:\/\/api.w.org\/{rel}","templated":true}]}}