{"id":6319,"date":"2025-04-28T15:57:24","date_gmt":"2025-04-28T15:57:24","guid":{"rendered":"https:\/\/sancarlossija.com\/?page_id=6319"},"modified":"2025-09-29T22:06:03","modified_gmt":"2025-09-29T22:06:03","slug":"comude-2025","status":"publish","type":"page","link":"https:\/\/sancarlossija.com\/?page_id=6319","title":{"rendered":"-COMUDE 2025-"},"content":{"rendered":"\n<ol class=\"wp-block-list\">\n<li><a href=\"https:\/\/sancarlossija.com\/wp-content\/uploads\/2025\/05\/ORGANIGRAMA-2025-ORIGINAL-2.pdf\">Estructura<\/a>\n<ol class=\"wp-block-list\">\n<li><a href=\"https:\/\/sancarlossija.com\/wp-content\/uploads\/2025\/04\/1.-FUNCIONES-DE-LA-DEPENDENCIA-.pdf\">Funciones de las Dependencias<\/a><\/li>\n\n\n\n<li>Marco Normativo\n<ul class=\"wp-block-list\">\n<li><a href=\"https:\/\/sancarlossija.com\/wp-content\/uploads\/2025\/04\/CODIGO-MUNICIPAL.pdf\">C\u00f3digo Municipal<\/a><\/li>\n\n\n\n<li><a href=\"https:\/\/sancarlossija.com\/wp-content\/uploads\/2025\/04\/COMPENDIO-DE-LEYES.pdf\">Compendio de Leyes<\/a><\/li>\n\n\n\n<li><a href=\"https:\/\/sancarlossija.com\/wp-content\/uploads\/2025\/04\/Constitucion-Politica-1.pdf\">Constituci\u00f3n Pol\u00edtica de Rep\u00fablica de Guatemala<\/a><\/li>\n\n\n\n<li><a href=\"https:\/\/sancarlossija.com\/wp-content\/uploads\/2025\/04\/ley-concejos-desarrollo-guatemala.pdf\">Ley de Consejos de Desarrollo de Guatemala<\/a><\/li>\n\n\n\n<li><a href=\"https:\/\/sancarlossija.com\/wp-content\/uploads\/2025\/04\/Ley-de-Descentralizacion.pdf\">Ley de Descentralizaci\u00f3n<\/a><\/li>\n\n\n\n<li><a href=\"https:\/\/sancarlossija.com\/wp-content\/uploads\/2025\/04\/Reglamento-COMUDE.pdf\">Reglamento de COMUDE<\/a><\/li>\n\n\n\n<li><a href=\"https:\/\/sancarlossija.com\/wp-content\/uploads\/2025\/04\/Reglamento-de-la-Ley-de-los-Consejos-de-Desarrollo-Urbano-y-Rural.pdf\">Reglamento de los Consejos de Desarrollo<\/a><\/li>\n<\/ul>\n<\/li>\n<\/ol>\n<\/li>\n\n\n\n<li><a href=\"https:\/\/sancarlossija.com\/wp-content\/uploads\/2025\/05\/2.-Directorio-1-2.pdf\">Directorio de la Entidad<\/a><\/li>\n\n\n\n<li><a href=\"https:\/\/sancarlossija.com\/wp-content\/uploads\/2025\/05\/03-directorio-de-empleados.pdf\">Directorio de Empleados<\/a>\n<ul class=\"wp-block-list\">\n<li>5.<a href=\"https:\/\/sancarlossija.com\/wp-content\/uploads\/2025\/05\/MISION.pdf\"> Misi\u00f3n<\/a>\n<ol class=\"wp-block-list\">\n<li><a href=\"https:\/\/sancarlossija.com\/wp-content\/uploads\/2025\/05\/objetivos-.pdf\">Objetivos<\/a><\/li>\n\n\n\n<li><a href=\"https:\/\/sancarlossija.com\/wp-content\/uploads\/2025\/07\/Oficio-Plan-Operativo-Anual.pdf\">Plan Operativo Anual<\/a><\/li>\n\n\n\n<li>Resultados del POA\n<ol class=\"wp-block-list\">\n<li><a href=\"https:\/\/sancarlossija.com\/wp-content\/uploads\/2025\/05\/Resultados-Mes-de-Enero.pdf\">Resultados Comude Enero 2025<\/a><\/li>\n\n\n\n<li><a href=\"https:\/\/sancarlossija.com\/wp-content\/uploads\/2025\/05\/Resultados-Mes-de-Febrero.pdf\">Resultados Comude Febrero 2025<\/a><\/li>\n\n\n\n<li><a href=\"https:\/\/sancarlossija.com\/wp-content\/uploads\/2025\/05\/Resultados-Mes-de-Marzo.pdf\">Resultados Comude Marzo 2025<\/a><\/li>\n\n\n\n<li><a href=\"https:\/\/sancarlossija.com\/wp-content\/uploads\/2025\/05\/Resultados-Mes-de-abril.pdf\">Resultados Comude Abril 2025<\/a><\/li>\n\n\n\n<li><a href=\"https:\/\/sancarlossija.com\/wp-content\/uploads\/2025\/07\/MAYO-Acta-No.-04-2025.pdf\">Resultados Comude Mayo  2025<\/a><\/li>\n\n\n\n<li><a href=\"https:\/\/sancarlossija.com\/wp-content\/uploads\/2025\/07\/Acta-No.-05-2025.pdf\">Resultados Comude Junio 2025<\/a><\/li>\n\n\n\n<li><a href=\"https:\/\/sancarlossija.com\/wp-content\/uploads\/2025\/08\/julio-2025-comude.pdf\">Resultados Comude Julio 2025<\/a><\/li>\n\n\n\n<li>Resultados <a href=\"https:\/\/sancarlossija.com\/wp-content\/uploads\/2025\/09\/Oficio-72-2025-septiembre.pdf\">Comude Septiembre 2025<\/a><\/li>\n<\/ol>\n<\/li>\n<\/ol>\n<\/li>\n\n\n\n<li>6. <a href=\"https:\/\/sancarlossija.com\/wp-content\/uploads\/2025\/05\/Reglamento-COMUDE.pdf\">Manuales<\/a><\/li>\n\n\n\n<li>27. <a href=\"https:\/\/sancarlossija.com\/wp-content\/uploads\/2025\/07\/Informacion-Clasificada.pdf\">\u00cdndice de la Informaci\u00f3n Clasificada<\/a><\/li>\n\n\n\n<li>28. <a href=\"https:\/\/sancarlossija.com\/wp-content\/uploads\/2025\/07\/Pertenencia-Sociolinguistica.pdf\">Pertenencia Socioling\u00fc\u00edstica<\/a><\/li>\n\n\n\n<li>29 Otra Informaci\u00f3n<\/li>\n<\/ul>\n<\/li>\n<\/ol>\n\n\n\n<p><\/p>\n","protected":false},"excerpt":{"rendered":"","protected":false},"author":1,"featured_media":0,"parent":0,"menu_order":0,"comment_status":"closed","ping_status":"closed","template":"","meta":{"footnotes":""},"class_list":["post-6319","page","type-page","status-publish","hentry"],"_links":{"self":[{"href":"https:\/\/sancarlossija.com\/index.php?rest_route=\/wp\/v2\/pages\/6319","targetHints":{"allow":["GET"]}}],"collection":[{"href":"https:\/\/sancarlossija.com\/index.php?rest_route=\/wp\/v2\/pages"}],"about":[{"href":"https:\/\/sancarlossija.com\/index.php?rest_route=\/wp\/v2\/types\/page"}],"author":[{"embeddable":true,"href":"https:\/\/sancarlossija.com\/index.php?rest_route=\/wp\/v2\/users\/1"}],"replies":[{"embeddable":true,"href":"https:\/\/sancarlossija.com\/index.php?rest_route=%2Fwp%2Fv2%2Fcomments&post=6319"}],"version-history":[{"count":42,"href":"https:\/\/sancarlossija.com\/index.php?rest_route=\/wp\/v2\/pages\/6319\/revisions"}],"predecessor-version":[{"id":6777,"href":"https:\/\/sancarlossija.com\/index.php?rest_route=\/wp\/v2\/pages\/6319\/revisions\/6777"}],"wp:attachment":[{"href":"https:\/\/sancarlossija.com\/index.php?rest_route=%2Fwp%2Fv2%2Fmedia&parent=6319"}],"curies":[{"name":"wp","href":"https:\/\/api.w.org\/{rel}","templated":true}]}}