{"id":5663,"date":"2024-07-15T16:06:01","date_gmt":"2024-07-15T16:06:01","guid":{"rendered":"https:\/\/sancarlossija.com\/?page_id=5663"},"modified":"2025-04-25T16:36:55","modified_gmt":"2025-04-25T16:36:55","slug":"comude","status":"publish","type":"page","link":"https:\/\/sancarlossija.com\/?page_id=5663","title":{"rendered":"-COMUDE 2024-"},"content":{"rendered":"\n\n\n<p>COMUDE 2024<\/p>\n\n\n\n<ol class=\"wp-block-list\">\n<li><a href=\"https:\/\/sancarlossija.com\/wp-content\/uploads\/2024\/07\/ESTRUCTURA.png\">Estructura<\/a>\n<ol class=\"wp-block-list\">\n<li><a href=\"https:\/\/sancarlossija.com\/wp-content\/uploads\/2024\/07\/1.-FUNCIONES-DE-LA-DEPENDENCIA-.pdf\">Funciones de las Dependencias<\/a><\/li>\n\n\n\n<li>Marco Normativo\n<ul class=\"wp-block-list\">\n<li><a href=\"https:\/\/sancarlossija.com\/wp-content\/uploads\/2024\/08\/Codigo-Municipal-actualizado.pdf\">C\u00f3digo Municipal <\/a><\/li>\n\n\n\n<li><a href=\"https:\/\/sancarlossija.com\/wp-content\/uploads\/2024\/08\/COMPENDIO-DE-LEYES.pdf\">Compendio de Leyes<\/a><\/li>\n\n\n\n<li><a href=\"https:\/\/sancarlossija.com\/wp-content\/uploads\/2024\/08\/Constitucion-Politica.pdf\">Constituci\u00f3n Pol\u00edtica de Rep\u00fablica de Guatemala<\/a><\/li>\n\n\n\n<li><a href=\"https:\/\/sancarlossija.com\/wp-content\/uploads\/2024\/08\/ley-concejos-desarrollo-guatemala.pdf\">Ley de Consejos de Desarrollo de Guatemala<\/a><\/li>\n\n\n\n<li><a href=\"https:\/\/sancarlossija.com\/wp-content\/uploads\/2024\/08\/Ley-de-Descentralizacion.pdf\">Ley de Descentralizaci\u00f3n <\/a><\/li>\n\n\n\n<li><a href=\"https:\/\/sancarlossija.com\/wp-content\/uploads\/2024\/08\/Reglamento-COMUDE.pdf\">Reglamento de COMUDE <\/a><\/li>\n\n\n\n<li><a href=\"https:\/\/sancarlossija.com\/wp-content\/uploads\/2024\/08\/Reglamento-del-los-Consejos-de-Desarrollo.pdf\">Reglamento de Los de Consejo de Desarrollo<\/a><\/li>\n<\/ul>\n<\/li>\n<\/ol>\n<\/li>\n\n\n\n<li><a href=\"https:\/\/sancarlossija.com\/wp-content\/uploads\/2024\/08\/directorio-de-la-entidad.pdf\">Directorio de la Entidad<\/a><\/li>\n\n\n\n<li><a href=\"https:\/\/sancarlossija.com\/wp-content\/uploads\/2024\/08\/INTEGRANTES-COMUDE.pdf\">Directorio de Empleados <\/a>\n<ul class=\"wp-block-list\">\n<li>5. <a href=\"https:\/\/sancarlossija.com\/wp-content\/uploads\/2024\/08\/Mision.pdf\">Misi\u00f3n<\/a>\n<ol class=\"wp-block-list\">\n<li><a href=\"https:\/\/sancarlossija.com\/wp-content\/uploads\/2024\/08\/obejetivos-1.pdf\">Objetivos<\/a><\/li>\n\n\n\n<li>Plan Operativo Anual\n<ol class=\"wp-block-list\">\n<li><a href=\"https:\/\/sancarlossija.com\/wp-content\/uploads\/2024\/02\/5.-DETALLE-DEL-POA.pdf\">Detalle del POA<\/a><\/li>\n\n\n\n<li><a href=\"https:\/\/sancarlossija.com\/wp-content\/uploads\/2024\/02\/6.-ESTRUCTURA-DEL-POA.pdf\">Estructura del POA<\/a><\/li>\n\n\n\n<li><a href=\"https:\/\/sancarlossija.com\/wp-content\/uploads\/2024\/02\/1.-DTP-1.pdf\">Direcci\u00f3n T\u00e9cnica del Presupuesto 1<\/a><\/li>\n\n\n\n<li><a href=\"https:\/\/sancarlossija.com\/wp-content\/uploads\/2024\/02\/2.-DTP-2.pdf\">Direcci\u00f3n T\u00e9cnica del Presupuesto 2<\/a><\/li>\n\n\n\n<li><a href=\"https:\/\/sancarlossija.com\/wp-content\/uploads\/2024\/02\/4.-DTP-3.pdf\">Direcci\u00f3n T\u00e9cnica del Presupuesto 3<\/a><\/li>\n\n\n\n<li><a href=\"https:\/\/sancarlossija.com\/wp-content\/uploads\/2024\/02\/4.-DTP-3-1.pdf\">Direcci\u00f3n T\u00e9cnica del Presupuesto 4<\/a><\/li>\n<\/ol>\n<\/li>\n\n\n\n<li>Resultados del POA<\/li>\n<\/ol>\n<\/li>\n\n\n\n<li>6. <a href=\"https:\/\/sancarlossija.com\/wp-content\/uploads\/2024\/09\/reglamento-comude.pdf\">Manuales<\/a><\/li>\n\n\n\n<li>27. \u00cdndice de la Informaci\u00f3n<\/li>\n\n\n\n<li>28. Pertenencia Socioling\u00fcistica<\/li>\n\n\n\n<li>29.<\/li>\n<\/ul>\n<\/li>\n<\/ol>\n\n\n\n<p><\/p>\n","protected":false},"excerpt":{"rendered":"<p>COMUDE 2024<\/p>\n","protected":false},"author":1,"featured_media":0,"parent":0,"menu_order":0,"comment_status":"closed","ping_status":"closed","template":"","meta":{"footnotes":""},"class_list":["post-5663","page","type-page","status-publish","hentry"],"_links":{"self":[{"href":"https:\/\/sancarlossija.com\/index.php?rest_route=\/wp\/v2\/pages\/5663","targetHints":{"allow":["GET"]}}],"collection":[{"href":"https:\/\/sancarlossija.com\/index.php?rest_route=\/wp\/v2\/pages"}],"about":[{"href":"https:\/\/sancarlossija.com\/index.php?rest_route=\/wp\/v2\/types\/page"}],"author":[{"embeddable":true,"href":"https:\/\/sancarlossija.com\/index.php?rest_route=\/wp\/v2\/users\/1"}],"replies":[{"embeddable":true,"href":"https:\/\/sancarlossija.com\/index.php?rest_route=%2Fwp%2Fv2%2Fcomments&post=5663"}],"version-history":[{"count":36,"href":"https:\/\/sancarlossija.com\/index.php?rest_route=\/wp\/v2\/pages\/5663\/revisions"}],"predecessor-version":[{"id":6315,"href":"https:\/\/sancarlossija.com\/index.php?rest_route=\/wp\/v2\/pages\/5663\/revisions\/6315"}],"wp:attachment":[{"href":"https:\/\/sancarlossija.com\/index.php?rest_route=%2Fwp%2Fv2%2Fmedia&parent=5663"}],"curies":[{"name":"wp","href":"https:\/\/api.w.org\/{rel}","templated":true}]}}