{"id":1017,"date":"2016-04-25T16:24:51","date_gmt":"2016-04-25T16:24:51","guid":{"rendered":"http:\/\/sancarlossija.com\/?page_id=1017"},"modified":"2020-08-13T16:24:43","modified_gmt":"2020-08-13T16:24:43","slug":"informacion-publica","status":"publish","type":"page","link":"https:\/\/sancarlossija.com\/?page_id=1017","title":{"rendered":"Informaci\u00f3n Publica 2,019"},"content":{"rendered":"\n<div class=\"wp-block-image\"><figure class=\"aligncenter\"><img loading=\"lazy\" decoding=\"async\" width=\"461\" height=\"346\" src=\"https:\/\/sancarlossija.com\/wp-content\/uploads\/2019\/08\/muni2-1.jpg\" alt=\"\" class=\"wp-image-1348\" srcset=\"https:\/\/sancarlossija.com\/wp-content\/uploads\/2019\/08\/muni2-1.jpg 461w, https:\/\/sancarlossija.com\/wp-content\/uploads\/2019\/08\/muni2-1-300x225.jpg 300w\" sizes=\"auto, (max-width: 461px) 100vw, 461px\" \/><\/figure><\/div>\n\n\n<p>A\u00f1o 2019<\/p>\n\n\n<ol class=\"wp-block-list\"><li><a href=\"https:\/\/sancarlossija.com\/wp-content\/uploads\/2019\/09\/3_31_organigrama_municipal_actualizado_20190801_0001.pdf\"> <\/a><a href=\"https:\/\/sancarlossija.com\/wp-content\/uploads\/2019\/10\/Punto-No-1-Organigrama-de-la-Muni-1.pdf\">Estructura Org\u00e1nica <\/a><ol><li><a href=\"https:\/\/sancarlossija.com\/wp-content\/uploads\/2019\/10\/MANUAL-DE-PUESTOS-Y-FUNCIONES-Muni-Sija.pdf\">funciones de los departamentos y marco normativo <\/a><\/li><\/ol><\/li><li><a href=\"https:\/\/sancarlossija.com\/wp-content\/uploads\/2019\/10\/DEPENDENCIA-2.pdf\">Direcci\u00f3n y Tel\u00e9fonos de la entidad <\/a><\/li><li> <a href=\"https:\/\/sancarlossija.com\/wp-content\/uploads\/2019\/09\/3_30_nomina_trabajadores_municipales_20190801_0001.pdf\">Directorio de Empleados y Funcionarios\u00a0<\/a> <\/li><li><a href=\"https:\/\/sancarlossija.com\/wp-content\/uploads\/2019\/10\/HOJA-DE-TRABAJADORES-A\u00d1O-2019-11.pdf\">Remuneraciones <\/a><\/li><li><a href=\"https:\/\/sancarlossija.com\/wp-content\/uploads\/2019\/09\/mision_20190924_00010.pdf\">Misi\u00f3n <\/a><ol><li><a href=\"https:\/\/sancarlossija.com\/wp-content\/uploads\/2020\/08\/Vision-2019.pdf\">visi\u00f3n <\/a><\/li><li><a href=\"https:\/\/sancarlossija.com\/wp-content\/uploads\/2019\/10\/Objetivos.pdf\">Objetivos <\/a><\/li><li><a href=\"https:\/\/sancarlossija.com\/wp-content\/uploads\/2019\/10\/Resultados-del-PLAN-OPERATIVO-ANUAL-POA-2018.pdf\">Resultados de POA<\/a> <\/li><li><a href=\"https:\/\/sancarlossija.com\/wp-content\/uploads\/2019\/10\/POA-2019-SAN-CARLOS-SIJA.pdf\">Plan Operativo Anual POA 2019<\/a><\/li><\/ol><\/li><li>\u00a0<a href=\"https:\/\/sancarlossija.com\/wp-content\/uploads\/2018\/05\/manualdenormasyprocedimientos.pdf\">Manuales<\/a><\/li><li> <a href=\"https:\/\/sancarlossija.com\/wp-content\/uploads\/2019\/08\/Presupuesto-2019.pdf\">Presupuesto <\/a> <\/li><li>Ejecuci\u00f3n Presupuestaria<ol><li>  <a href=\"https:\/\/sancarlossija.com\/wp-content\/uploads\/2019\/07\/Ejecuci%C3%B3n-Presupuestaria-de-Egresos-Enero-2019.pdf\">Ejecuci\u00f3n Presupuestaria de Egresos Enero 2019<\/a> <ol><li><a href=\"https:\/\/sancarlossija.com\/wp-content\/uploads\/2019\/07\/Ejecuci%C3%B3n-Presupuestaria-de-Egresos-Febrero-2019.pdf\">Ejecuci\u00f3n Presupuestaria de Egresos Febrero 201<\/a>9<\/li><li><a href=\"https:\/\/sancarlossija.com\/wp-content\/uploads\/2019\/07\/Ejecuci%C3%B3n-Presupuestaria-de-Egresos-marzo-2019.pdf\">Ejecuci\u00f3n Presupuestaria de Egresos marzo 2019<\/a><\/li><li><a href=\"https:\/\/sancarlossija.com\/wp-content\/uploads\/2019\/07\/Ejecuci%C3%B3n-Presupuestaria-de-Egresos-abril-2019.pdf\">Ejecuci\u00f3n Presupuestaria de Egresos abril 2019<\/a><\/li><li><a href=\"https:\/\/sancarlossija.com\/wp-content\/uploads\/2019\/07\/Ejecuci%C3%B3n-Presupuestaria-de-Egresos-mayo-2019.pdf\">Ejecuci\u00f3n Presupuestaria de Egresos mayo 2019<\/a><\/li><li><a href=\"https:\/\/sancarlossija.com\/wp-content\/uploads\/2019\/10\/Ejecuci\u00f3n-egresos-junio-2019.pdf\">Ejecuci\u00f3n Presupuestaria de Egresos junio 2019<\/a><\/li><li><a href=\"https:\/\/sancarlossija.com\/wp-content\/uploads\/2019\/10\/Ejecuci\u00f3n-egresos-julio-2019.pdf\">Ejecuci\u00f3n presupuestaria de Egresos julio 2019<\/a><\/li><li><a href=\"https:\/\/sancarlossija.com\/wp-content\/uploads\/2019\/10\/Ejecuci\u00f3n-egresos-agosto-2019.pdf\">Ejecuci\u00f3n Presupuestaria de Egresos Agosto 2019<\/a><\/li><li><a href=\"https:\/\/sancarlossija.com\/wp-content\/uploads\/2019\/10\/Ejecuci\u00f3n-egresos-septiembre-2019.pdf\">Ejecucion Presupuestaria de Egresos Septiembre 2019<\/a><\/li><li><a href=\"https:\/\/sancarlossija.com\/wp-content\/uploads\/2019\/11\/Ejecuci\u00f3n-presupuestaria-de-egresos-octubre-2019.pdf\">Ejecucion Presupuestaria de Egresos Octubre 2019<\/a><\/li><li><a href=\"https:\/\/sancarlossija.com\/wp-content\/uploads\/2019\/12\/Ejecuci\u00f3n-presupuestaria-de-egresos-noviembre-2019.pdf\">Ejecucion Presupuestaria de Egresos Noviembre 2019<\/a><\/li><li><a href=\"https:\/\/sancarlossija.com\/wp-content\/uploads\/2020\/01\/Ejecuci\u00f3n-presupuestaria-de-egresos-diciembre-2019.pdf\">Ejecucion Presupuestaria de Egresos Diciembre 2019<\/a><\/li><\/ol><\/li><li>Ejecucion Presupuestaria de Ingresos<ol><li><a href=\"https:\/\/sancarlossija.com\/wp-content\/uploads\/2019\/07\/Ejecuci%C3%B3n-Presupuestaria-de-Ingresos-Enero-2019.pdf\">Ejecuci\u00f3n Presupuestaria de Ingresos Enero 2019<\/a><\/li><li><a href=\"https:\/\/sancarlossija.com\/wp-content\/uploads\/2019\/07\/Ejecuci%C3%B3n-Presupuestaria-de-Ingresos-Febrero-2019.pdf\">Ejecuci\u00f3n Presupuestaria de Ingresos Febrero 2019<\/a><\/li><li><a href=\"https:\/\/sancarlossija.com\/wp-content\/uploads\/2019\/07\/Ejecuci%C3%B3n-Presupuestaria-de-Ingresos-marzo-2019.pdf\">Ejecuci\u00f3n Presupuestaria de Ingresos marzo 2019<\/a><\/li><li><a href=\"https:\/\/sancarlossija.com\/wp-content\/uploads\/2019\/07\/Ejecuci%C3%B3n-Presupuestaria-de-Ingresos-abril-2019.pdf\">Ejecuci\u00f3n Presupuestaria de Ingresos abril 2019<\/a><\/li><li><a href=\"https:\/\/sancarlossija.com\/wp-content\/uploads\/2019\/07\/Ejecuci%C3%B3n-Presupuestaria-de-Ingresos-mayo-2019.pdf\">Ejecuci\u00f3n Presupuestaria de Ingresos mayo 2019<\/a> <\/li><li><a href=\"https:\/\/sancarlossija.com\/wp-content\/uploads\/2019\/10\/Ejecuci\u00f3n-ingresos-junio-2019.pdf\">Ejecucion Presupuestaria de Ingresos junio 2019<\/a><\/li><li><a href=\"https:\/\/sancarlossija.com\/wp-content\/uploads\/2019\/10\/Ejecuci\u00f3n-ingresos-julio-2019.pdf\">Ejecuci\u00f3n Presupuestaria de Ingresos julio 2019<\/a><\/li><li><a href=\"https:\/\/sancarlossija.com\/wp-content\/uploads\/2019\/10\/Ejecuci\u00f3n-ingresos-agosto-2019.pdf\">Ejecucion Presupuestaria de Ingresos Agosto 2019<\/a><\/li><li><a href=\"https:\/\/sancarlossija.com\/wp-content\/uploads\/2019\/10\/Ejecuci\u00f3n-ingresos-septiembre-2019-1.pdf\">Ejecucion Presupuestaria de Ingresos Septiembre 2019<\/a><\/li><li><a href=\"https:\/\/sancarlossija.com\/wp-content\/uploads\/2019\/11\/Ejecuci\u00f3n-presupuestaria-de-ingresos-octubre-2019.pdf\">Ejecucion Presupuestaria de Ingresos Octubre 2019<\/a><\/li><li><a href=\"https:\/\/sancarlossija.com\/wp-content\/uploads\/2019\/12\/Ejecuci\u00f3n-presupuestaria-de-ingresos-noviembre-2019.pdf\">Ejecucion Presupuestaria de Ingresos Noviembre 2019<\/a><\/li><li><a href=\"https:\/\/sancarlossija.com\/wp-content\/uploads\/2020\/01\/Ejecuci\u00f3n-presupuestaria-de-ingresos-diciembre-2019.pdf\">Ejecucion Presupuestaria de Ingresos Diciembre 2019<\/a><\/li><\/ol><\/li><li> <a href=\"https:\/\/sancarlossija.com\/wp-content\/uploads\/2016\/04\/AMPLIACIONES-Y-DISMINUCIONES-PRESUPUESTARIAS-MES-DE-ENERO-2016.pdf\">Ampliaciones Presupuestarias<\/a> <ol><li>  <a href=\"https:\/\/sancarlossija.com\/wp-content\/uploads\/2019\/07\/Ampliaciones-Presupuestarias-Enero-2019.pdf\">Ampliaciones Presupuestarias Enero 2019<\/a> <\/li><li><a href=\"https:\/\/sancarlossija.com\/wp-content\/uploads\/2019\/07\/Ampliaciones-Presupuestarias-Febrero-2019.pdf\">Ampliaciones Presupuestarias Febrero 2019<\/a><\/li><li> <a href=\"https:\/\/sancarlossija.com\/wp-content\/uploads\/2019\/07\/Ampliaciones-Presupuestarias-marzo-2019.pdf\">Ampliaciones Presupuestarias marzo 2019<\/a><\/li><li><a href=\"https:\/\/sancarlossija.com\/wp-content\/uploads\/2019\/07\/Ampliaciones-Presupuestarias-abril-2019.pdf\">Ampliaciones Presupuestarias abril 2019<\/a><\/li><li><a href=\"https:\/\/sancarlossija.com\/wp-content\/uploads\/2019\/07\/Ampliaciones-Prespuestarias-mayo-2019.pdf\">Ampliaciones Presupuestarias mayo 2019<\/a> <\/li><li><a href=\"https:\/\/sancarlossija.com\/wp-content\/uploads\/2019\/10\/Ampliaciones-presupuestarias-junio-2019.pdf\">Ampliaciones Presupuestarias junio 2019<\/a><\/li><li><a href=\"https:\/\/sancarlossija.com\/wp-content\/uploads\/2019\/10\/Ampliaciones-presupuestarias-julio-2019-1.pdf\">Ampliaciones Presupuestarias julio 2019<\/a><\/li><li><a href=\"https:\/\/sancarlossija.com\/wp-content\/uploads\/2019\/10\/Ampliaciones-presupuestarias-agosto-2019.pdf\">Ampliaciones Presupuestarias Agosto 2019  <\/a><\/li><li><a href=\"https:\/\/sancarlossija.com\/wp-content\/uploads\/2019\/10\/Ampliaciones-presupuestarias-septiembre-2019.pdf\">Ampliaciones Presupuestarias Septiembre 2019<\/a><\/li><li><a href=\"https:\/\/sancarlossija.com\/wp-content\/uploads\/2019\/11\/Ampliaciones-presupuestarias-octubre-2019.pdf\">Ampliaciones Presupuestarias Octubre 2019<\/a><\/li><li><a href=\"https:\/\/sancarlossija.com\/wp-content\/uploads\/2019\/12\/Ampliaciones-presupuestarias-noviembre-2019.pdf\">Ampliaciones Presupuestarias Noviembre 2019<\/a><\/li><li><a href=\"https:\/\/sancarlossija.com\/wp-content\/uploads\/2020\/01\/Ampliaciones-presupuestarias-diciembre-2019.pdf\">Ampliaciones Presupuestarias Diciembre 2019<\/a><\/li><\/ol><\/li><li> Transferencias Presupuestarias  <\/li><\/ol><ul><li> <a href=\"https:\/\/sancarlossija.com\/wp-content\/uploads\/2019\/07\/Transferencias-Presupuestarias-Enero-2019.pdf\">Transferencias Presupuestarias Enero 2019<\/a><\/li><li> <a href=\"https:\/\/sancarlossija.com\/wp-content\/uploads\/2019\/07\/Transferencias-Presupuestarias-Febrero-2019.pdf\">Transferencias Presupuestarias Febrero 2019<\/a><\/li><li> <a href=\"https:\/\/sancarlossija.com\/wp-content\/uploads\/2019\/07\/Transferencias-Presupuestarias-marzo-2019.pdf\">Transferencias Presupuestarias marzo 2019<\/a><\/li><li> <a href=\"https:\/\/sancarlossija.com\/wp-content\/uploads\/2019\/07\/Transferencias-Presupuestarias-abril-2019.pdf\">Transferencias Presupuestarias abril 2019<\/a><\/li><li> <a href=\"https:\/\/sancarlossija.com\/wp-content\/uploads\/2019\/07\/Transferencias-Prespuestarias-mayo-2019.pdf\">Transferencias Presupuestarias mayo 2019<\/a><\/li><li><a href=\"https:\/\/sancarlossija.com\/wp-content\/uploads\/2019\/10\/Transferencias-presupuestarias-junio-2019.pdf\">Transferencias Presupuestarias junio 2019<\/a><\/li><li><a href=\"https:\/\/sancarlossija.com\/wp-content\/uploads\/2019\/10\/Transferencias-presupuestarias-julio-2019-1.pdf\">Transferencias Presupuestarias Julio 2019<\/a><\/li><li><a href=\"https:\/\/sancarlossija.com\/wp-content\/uploads\/2019\/10\/Transferencias-presupuestarias-agosto-2019.pdf\">Transferencias Presupuestarias Agosto 2019<\/a><\/li><li><a href=\"https:\/\/sancarlossija.com\/wp-content\/uploads\/2019\/10\/Transferencias-presupuestarias-septiembre-2019.pdf\">Transferencias Presupuestarias Septiembre 2019<\/a><\/li><li><a href=\"https:\/\/sancarlossija.com\/wp-content\/uploads\/2019\/11\/Transferencias-presupuestarias-octubre-2019.pdf\">Transferencias Presupuestarias Octubre 2019<\/a><\/li><li><a href=\"https:\/\/sancarlossija.com\/wp-content\/uploads\/2019\/12\/Transferencias-presupuestarias-noviembre-2019.pdf\">Transferencias Presupuestarias Noviembre 2019<\/a><\/li><li><a href=\"https:\/\/sancarlossija.com\/wp-content\/uploads\/2020\/01\/Transferencias-presupuestarias-diciembre-2019.pdf\">Transferencias Presupuestarias Diciembre 2019<\/a><\/li><\/ul><\/li><li> Dep\u00f3sitos con Fondos P\u00fablicos <ol><li>Dep\u00f3sitos con fondos p\u00fablicos 2019<ol><li>  <a href=\"https:\/\/sancarlossija.com\/wp-content\/uploads\/2019\/09\/DEPOSITOS-MES-DE-ENERO-2019.pdf\">Dep\u00f3sitos mes de enero<\/a><\/li><li><a href=\"https:\/\/sancarlossija.com\/wp-content\/uploads\/2019\/09\/DEPOSITOS-MES-DE-FEBRERO-2019.pdf\">Dep\u00f3sitos mes de febrero<\/a><\/li><li><a href=\"https:\/\/sancarlossija.com\/wp-content\/uploads\/2019\/09\/DEPOSITOS-MES-DE-MARZO-2019.pdf\">Dep\u00f3sitos mes de marzo<\/a><\/li><li><a href=\"https:\/\/sancarlossija.com\/wp-content\/uploads\/2019\/09\/DEPOSITOS-MES-DE-ABRIL-2019.pdf\">Dep\u00f3sitos mes de abril<\/a><\/li><li><a href=\"https:\/\/sancarlossija.com\/wp-content\/uploads\/2019\/09\/DEPOSITOS-MES-DE-MAYO-2019.pdf\">Dep\u00f3sitos mes de mayo<\/a><\/li><li><a href=\"https:\/\/sancarlossija.com\/wp-content\/uploads\/2019\/09\/DEPOSITOS-MES-DE-JUNIO-2019.pdf\">Dep\u00f3sitos mes de junio<\/a><\/li><li><a href=\"https:\/\/sancarlossija.com\/wp-content\/uploads\/2019\/09\/DEPOSITOS-MES-DE-JULIO-2019.pdf\">Dep\u00f3sitos mes de julio<\/a><\/li><li><a href=\"https:\/\/sancarlossija.com\/wp-content\/uploads\/2019\/09\/DEPOSITOS-MES-DE-AGOSTO-2019.pdf\">Dep\u00f3sitos mes de Agosto<\/a> <\/li><li><a href=\"https:\/\/sancarlossija.com\/wp-content\/uploads\/2019\/10\/DEPOSITOS-MES-DE-SEPTIEMBRE-2019.pdf\">Dep\u00f3sitos mes de Septiembre<\/a><\/li><li><a href=\"https:\/\/sancarlossija.com\/wp-content\/uploads\/2019\/11\/Dep\u00f3sitos-saldos-cuentas-bancarias-octubre-2019.pdf\">Dep\u00f3sitos mes de Octubre<\/a><\/li><li><a href=\"https:\/\/sancarlossija.com\/wp-content\/uploads\/2019\/12\/Dep\u00f3sitos-saldos-cuentas-bancarias-noviembre-2019.pdf\">Dep\u00f3sitos mes de Noviembre<\/a> <\/li><li><a href=\"https:\/\/sancarlossija.com\/wp-content\/uploads\/2020\/01\/Dep\u00f3sitos-saldos-cuentas-bancarias-diciembre-2019.pdf\">Dep\u00f3sitos mes de Diciembre<\/a><\/li><\/ol><\/li><li>  \u00a0Caja Movimiento Diario<ol><li> <a href=\"https:\/\/sancarlossija.com\/wp-content\/uploads\/2019\/08\/Caja-de-Movimiento-Diario-Enero-2019.pdf\">movimiento enero 2019<\/a> <\/li><li><a href=\"https:\/\/sancarlossija.com\/wp-content\/uploads\/2019\/08\/Caja-de-Movimiento-Diario-Febrero-2019.pdf\">movimiento febrero 2019<\/a><\/li><li> <a href=\"https:\/\/sancarlossija.com\/wp-content\/uploads\/2019\/08\/Caja-de-Movimiento-Diario-Marzo-2019.pdf\">movimiento marzo 2019<\/a><\/li><li><a href=\"https:\/\/sancarlossija.com\/wp-content\/uploads\/2019\/08\/Caja-de-Movimiento-Diario-Abril-2019.pdf\">movimiento abril  2019<\/a><\/li><li><a href=\"https:\/\/sancarlossija.com\/wp-content\/uploads\/2019\/08\/Caja-de-Movimiento-Diario-Mayo-2019.pdf\"> movimiento mayo 2019<\/a><\/li><li> <a href=\"https:\/\/sancarlossija.com\/wp-content\/uploads\/2019\/08\/Caja-de-Movimiento-Diario-Junio-2019.pdf\">movimiento junio 2019 <\/a>  <\/li><li><a href=\"https:\/\/sancarlossija.com\/wp-content\/uploads\/2019\/10\/Caja-movimiento-diario-julio-2019.pdf\">movimiento julio 2019<\/a><\/li><li><a href=\"https:\/\/sancarlossija.com\/wp-content\/uploads\/2019\/10\/Caja-movimiento-diario-agosto-2019.pdf\">movimiento agosto 2019<\/a><\/li><li><a href=\"https:\/\/sancarlossija.com\/wp-content\/uploads\/2019\/10\/Caja-movimiento-diario-septiembre-2019.pdf\">movimiento septiembre 2019<\/a><\/li><li><a href=\"https:\/\/sancarlossija.com\/wp-content\/uploads\/2019\/11\/Caja-de-movimiento-diario-octubre-2019.pdf\">movimiento Octubre 2019<\/a><\/li><li><a href=\"https:\/\/sancarlossija.com\/wp-content\/uploads\/2019\/12\/Caja-de-movimiento-diario-noviembre-2019.pdf\">Movimiento Noviembre 2019<\/a><\/li><li><a href=\"https:\/\/sancarlossija.com\/wp-content\/uploads\/2020\/01\/Caja-de-movimiento-diario-diciembre-2019.pdf\">Movimiento Diciembre 2019<\/a><\/li><\/ol><\/li><\/ol><\/li><li>\u00a0<a href=\"https:\/\/sancarlossija.com\/wp-content\/uploads\/2019\/10\/Cotizacones-y-Licitaciones.pdf\"> <\/a><a href=\"https:\/\/sancarlossija.com\/wp-content\/uploads\/2019\/11\/Cotizaciones-y-licitaciones.pdf\">Cotizaci\u00f3n y Licitaci\u00f3n\u00a0de programas<\/a><\/li><li><a href=\"https:\/\/sancarlossija.com\/wp-content\/uploads\/2019\/10\/contratos-licencias-y-concecones_20191002_00010.pdf\">contrataci\u00f3n de bienes y servicios<\/a> <\/li><li>viajes Nacionales<ol><li> Vi\u00e1ticos  <ol><li> <a href=\"https:\/\/sancarlossija.com\/wp-content\/uploads\/2019\/07\/Listado-de-Vi%C3%A1ticos-Enero-2019.pdf\">Listado de Vi\u00e1ticos Enero 201<\/a>9<\/li><li><a href=\"https:\/\/sancarlossija.com\/wp-content\/uploads\/2019\/07\/Listado-de-Vi%C3%A1ticos-Febrero-2019.pdf\">Listado de Vi\u00e1ticos Febrero 2019<\/a><\/li><li><a href=\"https:\/\/sancarlossija.com\/wp-content\/uploads\/2019\/07\/Listado-de-Vi%C3%A1ticos-marzo-2019.pdf\">Listado de Vi\u00e1ticos marzo 2019<\/a><\/li><li><a href=\"https:\/\/sancarlossija.com\/wp-content\/uploads\/2019\/07\/Listado-de-Vi%C3%A1ticos-Abril-2019.pdf\">Listado de Vi\u00e1ticos Abril 2019<\/a><\/li><li><a href=\"https:\/\/sancarlossija.com\/wp-content\/uploads\/2019\/07\/Listado-de-Vi%C3%A1ticos-Mayo-2019.pdf\">Listado de Vi\u00e1ticos Mayo 2019<\/a>  <\/li><li><a href=\"https:\/\/sancarlossija.com\/wp-content\/uploads\/2019\/10\/Listado-de-Vi\u00e1ticos-junio-2019.pdf\">Listado de Vi\u00e1ticos Junio 2019<\/a><\/li><li><a href=\"https:\/\/sancarlossija.com\/wp-content\/uploads\/2019\/10\/Listado-de-Vi\u00e1ticos-julio-2019.pdf\">Listado de Vi\u00e1ticos Julio 2019<\/a><\/li><li><a href=\"https:\/\/sancarlossija.com\/wp-content\/uploads\/2019\/10\/Listado-de-Vi\u00e1ticos-agosto-2019.pdf\">Listado de Vi\u00e1ticos Agosto 2019<\/a><\/li><li><a href=\"https:\/\/sancarlossija.com\/wp-content\/uploads\/2019\/10\/Listado-de-Vi\u00e1ticos-septiembre-2019.pdf\">Listado de Vi\u00e1ticos Septiembre 2019<\/a><\/li><li><a href=\"https:\/\/sancarlossija.com\/wp-content\/uploads\/2019\/11\/Listado-de-Vi\u00e1ticos-octubre-2019.pdf\">Listado de Vi\u00e1ticos Octubre 2019<\/a><\/li><li><a href=\"https:\/\/sancarlossija.com\/wp-content\/uploads\/2019\/12\/Listado-de-Vi\u00e1ticos-noviembre-2019.pdf\">Listado de Vi\u00e1ticos Noviembre 2019<\/a><\/li><li><a href=\"https:\/\/sancarlossija.com\/wp-content\/uploads\/2020\/01\/Listado-de-Vi\u00e1ticos-diciembre-2019.pdf\">Listado de Viaticos Diciembre 2019<\/a><\/li><\/ol><\/li><li> <a href=\"https:\/\/sancarlossija.com\/wp-content\/uploads\/2019\/10\/viajes-internacionales_20191002_0001.pdf\">viajes Internacionales <\/a> <\/li><\/ol><\/li><li> \u00a0<a href=\"https:\/\/sancarlossija.com\/wp-content\/uploads\/2019\/08\/INVENTARIO-DE-BIENES.pdf\">Inventario de Bienes<\/a>\u00a0 <\/li><li><a href=\"https:\/\/sancarlossija.com\/wp-content\/uploads\/2019\/10\/contrato-de-mantenimiento_20191002_00010.pdf\">contratos de mantenimiento<\/a> <\/li><li><a href=\"https:\/\/sancarlossija.com\/wp-content\/uploads\/2019\/09\/Constancia-de-subsidios-enero-a-agosto-2019.pdf\">subsidios<\/a><ol><li><a href=\"https:\/\/sancarlossija.com\/wp-content\/uploads\/2019\/10\/becas_20191002_00010.pdf\">becas <\/a><\/li><li><a href=\"https:\/\/sancarlossija.com\/wp-content\/uploads\/2019\/09\/Transferencias-a-Instituciones-de-enero-a-agosto-2019.pdf\">transferencias<\/a><\/li><\/ol><\/li><li><a href=\"https:\/\/sancarlossija.com\/wp-content\/uploads\/2019\/10\/contratos-de-arrendamiento_20191031_00010-1.pdf\">contratos licencias y concesiones <\/a><\/li><li><a href=\"https:\/\/sancarlossija.com\/wp-content\/uploads\/2019\/10\/Empresas-Precalificadas.pdf\"> <\/a><a href=\"https:\/\/sancarlossija.com\/wp-content\/uploads\/2019\/11\/Empresas-Precalificadas.pdf\">Listado de Empresas Pre-calificadas 2019<\/a><\/li><li> Obras Municipales 2019<ol><li><a href=\"https:\/\/sancarlossija.com\/wp-content\/uploads\/2019\/10\/Obras-ejecutadas-2019.pdf\">Obras ejecutadas 2019<\/a><\/li><li><a href=\"https:\/\/sancarlossija.com\/wp-content\/uploads\/2019\/10\/Obras-en-Ejecucion-2019.pdf\">Obras en ejecuci\u00f3n 2019<\/a><\/li><\/ol><\/li><li> <a href=\"https:\/\/sancarlossija.com\/wp-content\/uploads\/2019\/10\/contratos-de-arrendamiento_20191031_00010.pdf\">\u00a0Contratos de Arrendamiento <\/a><\/li><li><a href=\"https:\/\/sancarlossija.com\/wp-content\/uploads\/2019\/11\/Cotizaciones-y-licitaciones.pdf\">cotizaciones y licitaciones<\/a><\/li><li><a href=\"https:\/\/sancarlossija.com\/wp-content\/uploads\/2019\/10\/fideicomisos_20191031_00010.pdf\">fideicomisos con fondos p\u00fablicos <\/a><\/li><li> \u00a0Ordenes de Compra 2019<ol><li><a href=\"https:\/\/sancarlossija.com\/wp-content\/uploads\/2019\/08\/Ordenes-de-Compra-Enero-2019.pdf\">Ordenes de compra enero 2019<\/a><\/li><li><a href=\"https:\/\/sancarlossija.com\/wp-content\/uploads\/2019\/08\/Ordenes-de-Compra-Febrero-2019.pdf\">Ordenes de compra febrero 2019<\/a><\/li><li><a href=\"https:\/\/sancarlossija.com\/wp-content\/uploads\/2019\/08\/Ordenes-de-Compra-Marzo-2019.pdf\">Ordenes de compra marzo 2019<\/a><\/li><li><a href=\"https:\/\/sancarlossija.com\/wp-content\/uploads\/2019\/08\/Ordenes-de-Compra-Abril-2019.pdf\">Ordenes de compra abril 2019<\/a><\/li><li><a href=\"https:\/\/sancarlossija.com\/wp-content\/uploads\/2019\/08\/Ordenes-de-Compra-Mayo-2019.pdf\">Ordenes de compra mayo 2019<\/a><\/li><li><a href=\"https:\/\/sancarlossija.com\/wp-content\/uploads\/2019\/08\/Ordenes-de-Compra-Junio-2019.pdf\">Ordenes de compra junio 2019<\/a> <\/li><li><a href=\"https:\/\/sancarlossija.com\/wp-content\/uploads\/2019\/10\/Ordenes-de-Compra-Julio-2019.pdf\">Ordenes de compra julio 2019<\/a><\/li><li><a href=\"https:\/\/sancarlossija.com\/wp-content\/uploads\/2019\/10\/Ordenes-de-Compra-Agosto-2019.pdf\">Ordenes de compra Agosto 2019<\/a><\/li><li><a href=\"https:\/\/sancarlossija.com\/wp-content\/uploads\/2019\/10\/Ordenes-de-compra-septiembre-2019.pdf\">Ordenes de compra Septiembre 2019<\/a><\/li><li><a href=\"https:\/\/sancarlossija.com\/wp-content\/uploads\/2019\/11\/Ordenes-de-compra-octubre-2019.pdf\u00e7\">Ordenes de compra Octubre 2019<\/a><\/li><li><a href=\"https:\/\/sancarlossija.com\/wp-content\/uploads\/2019\/12\/Ordenes-de-compra-noviembre-2019.pdf\">Ordenes de compra Noviembre 2019<\/a><\/li><li><a href=\"https:\/\/sancarlossija.com\/wp-content\/uploads\/2020\/01\/Ordenes-de-compra-diciembre-2019.pdf\">Ordenes de compra Diciembre 2019<\/a><\/li><\/ol><\/li><li> \u00a0<a href=\"https:\/\/sancarlossija.com\/wp-content\/uploads\/2019\/10\/auditoria_20191031_00010.pdf\">Informe Auditoria  2019<\/a><ol><li> <a href=\"https:\/\/sancarlossija.com\/wp-content\/uploads\/2019\/10\/informe-de-auditoria_20191002_00010.pdf\">Informe Auditoria 201<\/a>7 <\/li><\/ol><\/li><li><\/li><li><\/li><li><\/li><li><\/li><li>Funcionamiento de Archivo <ol><li><a href=\"https:\/\/sancarlossija.com\/wp-content\/uploads\/2019\/10\/img229.jpg\">Funcionamiento del archivo.<\/a><\/li><li> <a href=\"https:\/\/sancarlossija.com\/wp-content\/uploads\/2019\/08\/responsables-de-los-archivos_20190801_0001.pdf\">Responsables de los archivos<\/a>\u00a0 <\/li><\/ol><\/li><li>Datos sociolinguistigos <ol><li> <a href=\"https:\/\/sancarlossija.com\/wp-content\/uploads\/2019\/08\/INFORMACION-SOCIOLINGUISTICA-2019.pdf\">Datos Socioling\u00fcisticos<\/a> <\/li><li><a href=\"https:\/\/sancarlossija.com\/wp-content\/uploads\/2019\/10\/sociolinguistica_20191031_00010.pdf\">pertenencia sociolinguistica.<\/a><\/li><\/ol><\/li><li>Otra informaci\u00f3n.<ol><li><a href=\"https:\/\/sancarlossija.com\/wp-content\/uploads\/2019\/10\/informacion-reservada_20191030_00010.pdf\">El \u00edndice de la informaci\u00f3n Publica. <\/a><\/li><li> <a href=\"https:\/\/sancarlossija.com\/wp-content\/uploads\/2019\/07\/Avances-Financieros-Proyectos-2019.pdf\">Avances Financieros Proyectos 2019<\/a> <\/li><\/ol><\/li><li>\u00a0Memoria de Labores <ol><li><a href=\"https:\/\/sancarlossija.com\/wp-content\/uploads\/2019\/08\/MEMORIA-DE-LABORES-2018.docx\">Memoria de Labores 2018<\/a> <\/li><li>Memoria de Labores 2019<\/li><\/ol><\/li><\/ol>\n\n\n\n<p><\/p>\n","protected":false},"excerpt":{"rendered":"<p>A\u00f1o 2019 Estructura Org\u00e1nica funciones de los departamentos y marco normativo Direcci\u00f3n y Tel\u00e9fonos de la entidad Directorio de Empleados [&hellip;]<\/p>\n","protected":false},"author":1,"featured_media":0,"parent":0,"menu_order":0,"comment_status":"closed","ping_status":"open","template":"","meta":{"footnotes":""},"class_list":["post-1017","page","type-page","status-publish","hentry"],"_links":{"self":[{"href":"https:\/\/sancarlossija.com\/index.php?rest_route=\/wp\/v2\/pages\/1017","targetHints":{"allow":["GET"]}}],"collection":[{"href":"https:\/\/sancarlossija.com\/index.php?rest_route=\/wp\/v2\/pages"}],"about":[{"href":"https:\/\/sancarlossija.com\/index.php?rest_route=\/wp\/v2\/types\/page"}],"author":[{"embeddable":true,"href":"https:\/\/sancarlossija.com\/index.php?rest_route=\/wp\/v2\/users\/1"}],"replies":[{"embeddable":true,"href":"https:\/\/sancarlossija.com\/index.php?rest_route=%2Fwp%2Fv2%2Fcomments&post=1017"}],"version-history":[{"count":297,"href":"https:\/\/sancarlossija.com\/index.php?rest_route=\/wp\/v2\/pages\/1017\/revisions"}],"predecessor-version":[{"id":2048,"href":"https:\/\/sancarlossija.com\/index.php?rest_route=\/wp\/v2\/pages\/1017\/revisions\/2048"}],"wp:attachment":[{"href":"https:\/\/sancarlossija.com\/index.php?rest_route=%2Fwp%2Fv2%2Fmedia&parent=1017"}],"curies":[{"name":"wp","href":"https:\/\/api.w.org\/{rel}","templated":true}]}}